{"id":145,"date":"2018-10-08T21:32:01","date_gmt":"2018-10-08T19:32:01","guid":{"rendered":"http:\/\/herrdroege.de\/?page_id=145"},"modified":"2023-10-10T22:10:56","modified_gmt":"2023-10-10T20:10:56","slug":"vortraege","status":"publish","type":"page","link":"http:\/\/herrdroege.de\/?page_id=145","title":{"rendered":"Vortr\u00e4ge (Pr\u00e4senz)"},"content":{"rendered":"<h2><strong><span style=\"color: #333399;\">2017<\/span><\/strong><\/h2>\r\n<ul>\r\n<li>16\/01\/2017 &#8211; &#8222;<span style=\"color: #000080;\">Neue Medien im Spanischunterricht<\/span>&#8220; (Zentrum f\u00fcr schulpraktische Lehrerausbildung Hamm &#8211; Fachseminar Spanisch)<\/li>\r\n<\/ul>\r\n<h2><strong><span style=\"color: #333399;\">2018<\/span><\/strong><\/h2>\r\n<ul>\r\n<li>12\/03\/2018 &#8211; &#8222;<span style=\"color: #000080;\">Neue Medien in der Schule &#8211; Einsatz von Tablets und Webtools im Schulalltag<\/span>&#8220; (Cornelsen: Informationszentrum Dortmund)<\/li>\r\n<\/ul>\r\n<ul>\r\n<li>04\/06\/2018 &#8211;\u00a0&#8222;<span style=\"color: #000080;\">Neue Medien in der Schule &#8211; Einsatz von Tablets und Webtools im Fremdsprachenunterricht<\/span>&#8220; (Zentrum f\u00fcr schulpraktische Lehrerausbildung Hamm &#8211; Fachseminar Franz\u00f6sisch)<\/li>\r\n<\/ul>\r\n<ul>\r\n<li>25\/06\/2018: &#8211; &#8222;<span style=\"color: #000080;\">Neue Medien in der Schule &#8211; Einsatz von Tablets und Webtools im Fremdsprachenunterricht<\/span>&#8220; (Zentrum f\u00fcr schulpraktische Lehrerausbildung Hamm &#8211; Fachseminar Spanisch)<\/li>\r\n<\/ul>\r\n<ul>\r\n<li><a href=\"http:\/\/herrdroege.de\/?page_id=160\">09\/10\/2018 &#8211;\u00a0&#8222;<span style=\"color: #000080;\">Neue Medien in der Schule &#8211; Einsatz von Tablets und Webtools im Schulalltag<\/span>&#8220; (Cornelsen: Informationszentrum D\u00fcsseldorf)<\/a><\/li>\r\n<\/ul>\r\n<h2><strong><span style=\"color: #333399;\">2019<\/span><\/strong><\/h2>\r\n<ul>\r\n<li><a href=\"http:\/\/herrdroege.de\/?page_id=249\">19\/03\/2019 &#8211; &#8222;<span style=\"color: #000080;\">Die papierlose Lehrertasche &#8211; Digitale Medien im Schulalltag<\/span>&#8220; (Cornelsen: Informationszentrum Dortmund)<\/a><\/li>\r\n<\/ul>\r\n<ul>\r\n<li><a href=\"http:\/\/herrdroege.de\/?page_id=257\">21\/03\/2019 &#8211; &#8222;<span style=\"color: #000080;\">Fremdsprachenunterricht 2.0 &#8211; Neue Medien im Englisch-, Franz\u00f6sisch- und Spanischunterricht<\/span>&#8220; (Cornelsen: Informationszentrum Dortmund)<\/a><\/li>\r\n<\/ul>\r\n<ul>\r\n<li><a href=\"http:\/\/herrdroege.de\/?page_id=266\">27\/03\/2019 &#8211; <span style=\"color: #000080;\">&#8222;Neue Medien in der Schule &#8211; Einsatz von Tablets und Webtools im Schulalltag&#8220; <\/span>(Cornelsen: Informationszentrum Hannover)<\/a><\/li>\r\n<\/ul>\r\n<ul>\r\n<li><a href=\"http:\/\/herrdroege.de\/?page_id=368\"><span style=\"font-size: inherit;\">18\/09\/2019 &#8211; <\/span><span style=\"color: #000080;\">&#8222;Neue Medien in den modernen Fremdsprachen \u2013 Impulse f\u00fcr den Spanischunterricht&#8220;<\/span><span style=\"font-size: inherit;\"> (Fremdsprachentag 2019: Universit\u00e4t Paderborn)<\/span><\/a><\/li>\r\n<\/ul>\r\n<h2><strong><span style=\"color: #333399;\">2020<\/span><\/strong><\/h2>\r\n<ul>\r\n<li>06\/03\/2020 &#8211; Teilnahme als Diskutant an einer <span style=\"color: #800080;\">Podiumsdiskussion<\/span> zum Thema <span style=\"color: #333399;\">&#8222;Die Zukunft des Schulbuchs in Zeiten des digitalen Wandels&#8220;<\/span> im Rahmen der <span style=\"color: #800080;\">Jornadas Hisp\u00e1nicas<\/span>\u00a0(Bergische Universit\u00e4t Wuppertal) <em><em>&#8211; <a href=\"https:\/\/jornadas2020.uni-wuppertal.de\/de\/programm-programa\/podiumskdiskussion-mesa-redonda.html\" target=\"_blank\" rel=\"noopener noreferrer\">Link zur Veranstaltung<\/a><br \/><\/em><\/em><\/li>\r\n<\/ul>\r\n<ul>\r\n<li><a style=\"font-size: 1rem;\" href=\"http:\/\/herrdroege.de\/?page_id=428\">07\/03\/2020 &#8211; &#8222;<span style=\"font-size: 1rem; color: #000080;\">Digitale Medien in den modernen Fremdsprachen: Apps &amp; Webtools f\u00fcr den Spanischunterricht<\/span><span style=\"font-size: 1rem;\">&#8220; (Fremdsprachenfachtag Spanisch 2020 &#8211; Cornelsen: Oldenburg)<\/span><\/a><\/li>\r\n<\/ul>\r\n<ul>\r\n<li><a href=\"http:\/\/herrdroege.de\/?page_id=667\" target=\"_blank\" rel=\"noopener noreferrer\">27\/04\/2020 &#8211; &#8222;<span style=\"font-size: 1rem; color: #000080;\">Digitale Medien in den modernen Fremdsprachen: Apps &amp; Webtools f\u00fcr den Spanischunterricht<\/span><span style=\"font-size: 1rem;\">&#8220; (Zentrum f\u00fcr schulpraktische Lehrerausbildung Hamm &#8211; Fachseminar Spanisch) &#8211; <span style=\"color: #800080;\">Zoom-Webinar<\/span><\/span><\/a><\/li>\r\n<\/ul>\r\n<ul>\r\n<li>07\/09\/2020 &#8211; &#8222;<span style=\"font-size: 1rem; color: #000080;\">Digitale Medien in den modernen Fremdsprachen: Apps &amp; Webtools f\u00fcr den Spanischunterricht<\/span><span style=\"font-size: 1rem;\"><span style=\"font-size: 1rem;\">&#8220; (Zentrum f\u00fcr schulpraktische Lehrerausbildung Hamm &#8211; Fachseminar Spanisch)<\/span><\/span><\/li>\r\n<\/ul>\r\n<ul>\r\n<li>05\/11\/2020 &#8211; &#8222;<span style=\"font-size: 1rem; color: #000080;\">Digitale Medien in den modernen Fremdsprachen: Impulse f\u00fcr den Spanischunterricht<\/span><span style=\"font-size: 1rem;\"><span style=\"font-size: 1rem;\">&#8220; (<\/span><\/span><span style=\"font-size: inherit;\">Akademie f\u00fcr Lehrerfortbildung und Personalf\u00fchrung;\u00a0<span style=\"font-size: inherit;\">Dillingen an der Donau; Bayern<\/span><\/span><span style=\"font-size: 1rem;\"><span style=\"font-size: 1rem;\">) &#8211;\u00a0<span style=\"color: #800080;\">Webex-Webinar<br \/><\/span><\/span><\/span><\/li>\r\n<\/ul>\r\n<ul>\r\n<li>27\/11\/2020 &#8211; &#8222;<span style=\"font-size: 1rem; color: #000080;\">Digitale Medien in den modernen Fremdsprachen: Impulse f\u00fcr den Spanischunterricht<\/span><span style=\"font-size: 1rem;\"><span style=\"font-size: 1rem;\">&#8220; (<\/span><\/span><span style=\"font-size: inherit;\">P\u00e4dagogisches Landesinstitut Rheinland-Pfalz;\u00a0<span style=\"font-size: inherit;\">Speyer; Rheinland-Pfalz<\/span><\/span><span style=\"font-size: 1rem;\">) &#8211;\u00a0<span style=\"color: #800080;\">Vortrag + Praxisphase (Workshops); 2-teilig<br \/><\/span><\/span><\/li>\r\n<\/ul>\r\n<ul>\r\n<li>07\/12\/2020 &#8211; <span style=\"color: #33cccc;\">&#8222;<span style=\"font-size: 1rem;\">Medienkompetenz \u2013 das auch noch?! &#8211; Perspektiven zur Rolle des Religionsunterrichts im Themenfeld &#8218;Digitalisierung &amp; Schule'&#8220;<\/span><\/span><span style=\"font-size: 1rem;\">\u00a0(Westf\u00e4lische Wilhelms-Universit\u00e4t; M\u00fcnster \/\/ Hauptseminar\/Projektseminar mit Peer Learning; Dr. Guido Hunze \/\/ WiSe 2020-21<\/span><span style=\"font-size: 1rem;\">) &#8211;\u00a0<span style=\"color: #800080;\">Zoom-Webinar<\/span><\/span><\/li>\r\n<\/ul>\r\n\r\n<h2 class=\"wp-block-heading\"><strong><span style=\"color: #333399;\">2021<\/span><\/strong><\/h2>\r\n\r\n\r\n\r\n<ul class=\"wp-block-list\">\r\n<li>13\/03\/2021 &#8211; &#8222;<span style=\"font-size: 1rem; color: #000080;\">Digitale Medien in modernen Fremdsprachen: Apps &amp; Webtools f\u00fcr den zeitgem\u00e4\u00dfen Spanischunterricht<\/span><span style=\"font-size: 1rem;\">&#8220; (Fremdsprachentag Nord 2021 &#8211; Cornelsen: <span style=\"color: #993366;\"><span class=\"tadv-color\">Webinar<\/span><\/span>)<\/span><\/li>\r\n<\/ul>\r\n\r\n\r\n\r\n<ul class=\"wp-block-list\">\r\n<li>30\/03\/2021 &#8211;\u00a0&#8222;<span style=\"font-size: 1rem; color: #000080;\">Digitale Medien im Spanischunterricht (Webtools)&#8220;<br \/>\u00a0<\/span><span style=\"font-size: 1rem;\">(Standort\u00fcbergreifender\u00a0Austausch zur Digitalisierung und BYOD &#8211; Austauschteam Spanisch &#8211; Basel (Schweiz): <\/span><span class=\"tadv-color\" style=\"font-size: 1rem; color: #993366;\">Online-Vortrag via Teams<\/span><span style=\"font-size: 1rem;\">)<br \/><br \/><\/span><\/li>\r\n<li>08\/05\/2021 &#8211; <span style=\"color: #333399;\">&#8222;<span style=\"font-size: 1rem;\">Lehrwerksarbeit und Lernaufgaben mit Apps &amp; Webtools im Spanischunterricht<\/span><\/span><span style=\"font-size: 1rem;\"><span style=\"color: #333399;\">&#8222;<\/span> (Fachtag Fremdsprachentag Nord 2021 &#8211; Cornelsen: <span style=\"color: #993366;\"><span class=\"tadv-color\">Webinar<\/span><\/span>)<br \/><br \/><\/span><\/li>\r\n<li>07-09\/07\/2021 &#8211; &#8222;<span style=\"font-size: 1rem; color: #000080;\">Digitale Medien in den modernen Fremdsprachen: Impulse f\u00fcr den Spanischunterricht<\/span><span style=\"font-size: 1rem;\"><span style=\"font-size: 1rem;\">&#8220; <\/span><\/span><span style=\"font-size: 1rem;\"><span style=\"font-size: 1rem;\">(<\/span><\/span><span style=\"font-size: inherit;\">Akademie f\u00fcr Lehrerfortbildung und Personalf\u00fchrung;\u00a0<span style=\"font-size: inherit;\">Dillingen an der Donau; Bayern<\/span><\/span><span style=\"font-size: 1rem;\"><span style=\"font-size: 1rem;\">) &#8211;\u00a0<\/span><\/span><span style=\"font-size: 1rem;\">\u00a0<span style=\"color: #800080;\">Vortrag + Praxisphase (Workshops); 2-teilig<br \/><\/span><\/span><\/li>\r\n<\/ul>\r\n<ul>\r\n<li>04\/10\/2021 &#8211; &#8222;<span style=\"font-size: 1rem; color: #000080;\">Mit Schwung aus dem Distanzunterricht &#8211; Digitale Medien und Lehrwerksarbeit im Fremdsprachenunterricht<\/span><span style=\"font-size: 1rem;\">&#8220; (<\/span><span style=\"font-size: inherit;\">NLQ: Nieders\u00e4chsisches Landesinstitut f\u00fcr schulische Qualit\u00e4tsentwicklung<\/span><span style=\"font-size: 1rem;\">) &#8211; <span style=\"color: #800080;\">2x Vortrag; BigBlueButton-Webinar<br \/><br \/><\/span><\/span><\/li>\r\n<li>13\/10\/2021 &#8211; &#8222;<span style=\"font-size: 1rem; color: #000080;\">Digitale Medien in den modernen Fremdsprachen: Impulse f\u00fcr den Spanischunterricht<\/span><span style=\"font-size: 1rem;\"><span style=\"font-size: 1rem;\">&#8220; (<\/span><\/span><span style=\"font-size: inherit;\">Akademie f\u00fcr Lehrerfortbildung und Personalf\u00fchrung;\u00a0<span style=\"font-size: inherit;\">Dillingen an der Donau; Bayern<\/span><\/span><span style=\"font-size: 1rem;\"><span style=\"font-size: 1rem;\">) &#8211; <span style=\"color: #800080;\">Vortrag + Workshop zum Tool &#8222;Book Creator&#8220;; jeweils\u00a0<\/span><span style=\"color: #800080;\">Webex-Webinar<br \/><br \/><\/span><\/span><\/span><\/li>\r\n<li>30\/11\/2021 &#8211;\u00a0&#8222;<span style=\"color: #000080;\"><span style=\"font-size: 1rem;\">Digitale Medien in den\u00a0<\/span><span style=\"caret-color: #000080;\">modernen<\/span><span style=\"font-size: 1rem;\">\u00a0Fremdsprachen: Apps &amp; Webtools f\u00fcr den<\/span><span style=\"font-size: 1rem;\">\u00a0Spanischunterricht&#8220;\u00a0<\/span><\/span><span style=\"font-size: 1rem;\">(Kompetenzzentrum\u00a0<\/span>Aurich; Regionales P\u00e4dagogisches Zentrum Aurich; Niedersachsen<span style=\"font-size: 1rem;\">: <\/span><span class=\"tadv-color\" style=\"font-size: 1rem; color: #993366;\">Online-Vortrag via Zoom<\/span><span style=\"font-size: 1rem;\">)<\/span><\/li>\r\n<\/ul>\r\n\r\n\r\n\r\n<h2><strong><span style=\"color: #333399;\">2022<\/span><\/strong><\/h2>\r\n<ul>\r\n<li>07\/03\/2022 &#8211; &#8222;<span style=\"font-size: 1rem; color: #000080;\">Digitale Medien in den modernen Fremdsprachen: Apps &amp; Webtools f\u00fcr den Spanischunterricht<\/span><span style=\"font-size: 1rem;\">&#8220; (Zentrum f\u00fcr schulpraktische Lehrerausbildung Hamm &#8211; Fachseminar Spanisch)<br \/><br \/><\/span><\/li>\r\n<li>09\/03\/2022 &#8211; &#8222;<span style=\"font-size: 1rem; color: #000080;\">Digitale Medien in den modernen Fremdsprachen: Impulse f\u00fcr den Spanischunterricht<\/span><span style=\"font-size: 1rem;\"><span style=\"font-size: 1rem;\">&#8220; (<\/span><\/span><span style=\"font-size: inherit;\">Akademie f\u00fcr Lehrerfortbildung und Personalf\u00fchrung;\u00a0<span style=\"font-size: inherit;\">Dillingen an der Donau; Bayern<\/span><\/span><span style=\"font-size: 1rem;\"><span style=\"font-size: 1rem;\">) &#8211; <span style=\"color: #800080;\">Vortrag + Workshop zum Tool &#8222;Book Creator&#8220;; jeweils\u00a0<\/span><span style=\"color: #800080;\">Webex-Webinar<br \/><br \/><\/span><\/span><\/span><\/li>\r\n<li><span style=\"font-size: 1rem;\">07\/05\/2022 &#8211; &#8222;<\/span><span style=\"font-size: 1rem; color: #000080;\">Lehrwerksarbeit und Lernaufgaben &#8211; Apps &amp; Webtools im Spanischunterricht: mit Beispielen aus Encuentros hoy<\/span><span style=\"font-size: 1rem;\"><span style=\"font-size: 1rem;\">&#8220; (<\/span><\/span><span style=\"font-size: inherit;\">FOBI Festival Live &#8211; Stadiontour 2022 &#8211; Signal Iduna Park: Dortmund &#8211; Cornelsen<\/span><span style=\"font-size: 1rem;\"><span style=\"font-size: 1rem;\">)\u00a0<br \/><br \/><\/span><\/span><\/li>\r\n<li><span style=\"font-size: 1rem;\">17\/09\/2022 &#8211; &#8222;<\/span><span style=\"font-size: 1rem; color: #000080;\">Mit Lehrwerk und Tablet &#8211; Blended Learning und Medienkompetenz im Spanischunterricht&#8220;<\/span><span style=\"font-size: 1rem;\"><span style=\"font-size: 1rem;\">; mit Alexander Gropper (<\/span><\/span><span style=\"font-size: inherit;\">mundoC &#8211; Netzwerktagung von Spanischlehrer:innen &#8211; Verlagszentrum: Berlin &#8211; Cornelsen<\/span><span style=\"font-size: 1rem;\"><span style=\"font-size: 1rem;\">)\u00a0<\/span><\/span><\/li>\r\n<\/ul>\r\n<h2><strong><span style=\"color: #333399;\">2023<\/span><\/strong><\/h2>\r\n<ul>\r\n<li>06\/10\/2023 &#8211; &#8222;<span style=\"font-size: 1rem; color: #000080;\">M\u00fcndlichkeit und Digitale Medien im Spanischunterricht<\/span><span style=\"font-size: 1rem;\">&#8220; (Encuentro Hisp\u00e1nico 2023 &#8211; Schwerpunkt &#8222;M\u00fcndlichkeit&#8220; &#8211; DSV &#8211; Deutscher Spanischlehrerverband: Bremen)<\/span><\/li>\r\n<\/ul>\r\n","protected":false},"excerpt":{"rendered":"<p>2017 16\/01\/2017 &#8211; &#8222;Neue Medien im Spanischunterricht&#8220; (Zentrum f\u00fcr schulpraktische Lehrerausbildung Hamm &#8211; Fachseminar Spanisch) 2018 12\/03\/2018 &#8211; &#8222;Neue Medien in der Schule &#8211; Einsatz von Tablets und Webtools im Schulalltag&#8220; (Cornelsen: Informationszentrum Dortmund) 04\/06\/2018 &#8211;\u00a0&#8222;Neue Medien in der Schule &#8211; Einsatz von Tablets und Webtools im Fremdsprachenunterricht&#8220; (Zentrum f\u00fcr schulpraktische Lehrerausbildung Hamm &#8211; Fachseminar &hellip; <\/p>\n<p class=\"link-more\"><a href=\"http:\/\/herrdroege.de\/?page_id=145\" class=\"more-link\"><span class=\"screen-reader-text\">\u201eVortr\u00e4ge (Pr\u00e4senz)\u201c<\/span> weiterlesen<\/a><\/p>\n","protected":false},"author":1,"featured_media":0,"parent":0,"menu_order":6,"comment_status":"closed","ping_status":"closed","template":"","meta":{"jetpack_post_was_ever_published":false,"footnotes":""},"class_list":["post-145","page","type-page","status-publish","hentry"],"jetpack_sharing_enabled":true,"jetpack_shortlink":"https:\/\/wp.me\/PahyqS-2l","_links":{"self":[{"href":"http:\/\/herrdroege.de\/index.php?rest_route=\/wp\/v2\/pages\/145","targetHints":{"allow":["GET"]}}],"collection":[{"href":"http:\/\/herrdroege.de\/index.php?rest_route=\/wp\/v2\/pages"}],"about":[{"href":"http:\/\/herrdroege.de\/index.php?rest_route=\/wp\/v2\/types\/page"}],"author":[{"embeddable":true,"href":"http:\/\/herrdroege.de\/index.php?rest_route=\/wp\/v2\/users\/1"}],"replies":[{"embeddable":true,"href":"http:\/\/herrdroege.de\/index.php?rest_route=%2Fwp%2Fv2%2Fcomments&post=145"}],"version-history":[{"count":85,"href":"http:\/\/herrdroege.de\/index.php?rest_route=\/wp\/v2\/pages\/145\/revisions"}],"predecessor-version":[{"id":1133,"href":"http:\/\/herrdroege.de\/index.php?rest_route=\/wp\/v2\/pages\/145\/revisions\/1133"}],"wp:attachment":[{"href":"http:\/\/herrdroege.de\/index.php?rest_route=%2Fwp%2Fv2%2Fmedia&parent=145"}],"curies":[{"name":"wp","href":"https:\/\/api.w.org\/{rel}","templated":true}]}}