{"id":23,"date":"2018-08-19T19:57:59","date_gmt":"2018-08-19T17:57:59","guid":{"rendered":"http:\/\/herrdroege.de\/?page_id=23"},"modified":"2020-04-20T03:33:44","modified_gmt":"2020-04-20T01:33:44","slug":"schueler","status":"publish","type":"page","link":"http:\/\/herrdroege.de\/?page_id=23","title":{"rendered":"Sch\u00fcler"},"content":{"rendered":"<hr \/>\n<p><span style=\"color: #999999;\"><strong><span style=\"color: #333399;\">MGH<\/span> &#8211; <span style=\"color: #33cccc;\">Angebote im Internet f\u00fcr die unterrichtsfreie Zeit:<\/span><\/strong> <\/span><a href=\"http:\/\/herrdroege.de\/wp-content\/uploads\/2020\/03\/Corona-Digitale-Tools-SuS.pdf\" target=\"_blank\" rel=\"noopener noreferrer\">Link<\/a><\/p>\n<hr \/>\n<p><strong><span style=\"color: #993366;\">Spanisch: El espa\u00f1ol en casa <\/span><\/strong><span style=\"color: #993366;\">(Musik, Videos, Instagram)<\/span>: <a href=\"http:\/\/herrdroege.de\/wp-content\/uploads\/2020\/03\/ElEspanolEnCasa.pdf\" target=\"_blank\" rel=\"noopener noreferrer\">Link<\/a><\/p>\n<hr \/>\n<p><span style=\"color: #339966;\"><strong>Spanisch: Interaktive \u00dcbungen zum Schulbuch <\/strong>(vor\u00fcbergehend kostenlos)<\/span>: <a href=\"http:\/\/herrdroege.de\/wp-content\/uploads\/2020\/04\/\u00dcbersicht-Interaktive-\u00dcbungen-Cornelsen.pdf\">Link<\/a><\/p>\n<hr \/>\n<p><strong><span style=\"color: #00ccff;\">&#8222;Das virtuelle Klassenzimmer&#8220; (C. Dr\u00f6ge):<\/span><\/strong> <em>Link auf Anfrage<span style=\"font-size: 8pt;\"> (wurde bekannt gegeben)<\/span><\/em><\/p>\n<hr \/>\n<p>Klicke in der Liste auf deine Klasse \/ deinen Kurs<\/p>\n<ul>\n<li style=\"list-style-type: none;\">\n<ul>\n<li>\n<h4><span style=\"color: #808080;\">Schuljahr 2019\/2020<\/span><\/h4>\n<ul>\n<li><span style=\"color: #339966;\"><strong>\u00a0<a style=\"color: #339966;\" href=\"http:\/\/herrdroege.de\/?page_id=502\" target=\"_blank\" rel=\"noopener noreferrer\">Klasse 8c<\/a><\/strong><\/span><\/li>\n<\/ul>\n<\/li>\n<\/ul>\n<\/li>\n<\/ul>\n<ul>\n<li style=\"list-style-type: none;\">\n<ul>\n<li style=\"list-style-type: none;\">\n<ul>\n<li><strong><span style=\"color: #000080;\">Spanisch<\/span><\/strong>\n<ul>\n<li><a href=\"http:\/\/herrdroege.de\/?page_id=316\" rel=\"noopener noreferrer\">Sek I &#8211; 7abc (2019\/2020)<\/a><\/li>\n<li><a href=\"http:\/\/herrdroege.de\/?page_id=451\">Sek I &#8211; 8abc (2019\/2020)<\/a><\/li>\n<li><a href=\"http:\/\/herrdroege.de\/?page_id=320\" rel=\"noopener noreferrer\">Sek I &#8211; 8abc &#8211; WPII (2019\/2020)<\/a><\/li>\n<\/ul>\n<\/li>\n<\/ul>\n<\/li>\n<\/ul>\n<\/li>\n<\/ul>\n<ul>\n<li style=\"list-style-type: none;\">\n<ul>\n<li style=\"list-style-type: none;\">\n<ul>\n<li>\u00a0<span style=\"color: #ff6600;\"><strong>Katholische Religionslehre<\/strong><\/span>\n<ul>\n<li><a href=\"http:\/\/herrdroege.de\/?page_id=545\" target=\"_blank\" rel=\"noopener noreferrer\"><span style=\"color: #000000;\">Sek II &#8211; EF GK1 (2019\/2020)<\/span><\/a><\/li>\n<\/ul>\n<\/li>\n<\/ul>\n<\/li>\n<\/ul>\n<\/li>\n<\/ul>\n<p>&nbsp;<\/p>\n<ul>\n<li style=\"list-style-type: none;\">\n<ul>\n<li>\n<h4><span style=\"color: #808080;\">Schuljahr 2018\/2019<\/span><\/h4>\n<ul>\n<li>\u00a0<strong><span style=\"color: #000080;\">Spanisch<\/span><\/strong>\n<ul>\n<li><a href=\"http:\/\/herrdroege.de\/?page_id=175\" target=\"_blank\" rel=\"noopener noreferrer\">Sek I &#8211; 6ab (2018\/2019)<\/a><\/li>\n<li><a style=\"font-size: 1rem;\" href=\"http:\/\/herrdroege.de\/?page_id=88\" target=\"_blank\" rel=\"noopener noreferrer\">Sek II &#8211; EF GK1 (2018\/2019)<\/a><\/li>\n<\/ul>\n<\/li>\n<\/ul>\n<\/li>\n<\/ul>\n<\/li>\n<\/ul>\n","protected":false},"excerpt":{"rendered":"<p>MGH &#8211; Angebote im Internet f\u00fcr die unterrichtsfreie Zeit: Link Spanisch: El espa\u00f1ol en casa (Musik, Videos, Instagram): Link Spanisch: Interaktive \u00dcbungen zum Schulbuch (vor\u00fcbergehend kostenlos): Link &#8222;Das virtuelle Klassenzimmer&#8220; (C. Dr\u00f6ge): Link auf Anfrage (wurde bekannt gegeben) Klicke in der Liste auf deine Klasse \/ deinen Kurs Schuljahr 2019\/2020 \u00a0Klasse 8c Spanisch Sek I &hellip; <\/p>\n<p class=\"link-more\"><a href=\"http:\/\/herrdroege.de\/?page_id=23\" class=\"more-link\"><span class=\"screen-reader-text\">\u201eSch\u00fcler\u201c<\/span> weiterlesen<\/a><\/p>\n","protected":false},"author":1,"featured_media":0,"parent":0,"menu_order":3,"comment_status":"closed","ping_status":"closed","template":"","meta":{"jetpack_post_was_ever_published":false,"footnotes":""},"class_list":["post-23","page","type-page","status-publish","hentry"],"jetpack_sharing_enabled":true,"jetpack_shortlink":"https:\/\/wp.me\/PahyqS-n","_links":{"self":[{"href":"http:\/\/herrdroege.de\/index.php?rest_route=\/wp\/v2\/pages\/23","targetHints":{"allow":["GET"]}}],"collection":[{"href":"http:\/\/herrdroege.de\/index.php?rest_route=\/wp\/v2\/pages"}],"about":[{"href":"http:\/\/herrdroege.de\/index.php?rest_route=\/wp\/v2\/types\/page"}],"author":[{"embeddable":true,"href":"http:\/\/herrdroege.de\/index.php?rest_route=\/wp\/v2\/users\/1"}],"replies":[{"embeddable":true,"href":"http:\/\/herrdroege.de\/index.php?rest_route=%2Fwp%2Fv2%2Fcomments&post=23"}],"version-history":[{"count":38,"href":"http:\/\/herrdroege.de\/index.php?rest_route=\/wp\/v2\/pages\/23\/revisions"}],"predecessor-version":[{"id":640,"href":"http:\/\/herrdroege.de\/index.php?rest_route=\/wp\/v2\/pages\/23\/revisions\/640"}],"wp:attachment":[{"href":"http:\/\/herrdroege.de\/index.php?rest_route=%2Fwp%2Fv2%2Fmedia&parent=23"}],"curies":[{"name":"wp","href":"https:\/\/api.w.org\/{rel}","templated":true}]}}