{"id":27,"date":"2018-08-19T19:59:22","date_gmt":"2018-08-19T17:59:22","guid":{"rendered":"http:\/\/herrdroege.de\/?page_id=27"},"modified":"2020-04-23T04:24:22","modified_gmt":"2020-04-23T02:24:22","slug":"lehrer","status":"publish","type":"page","link":"http:\/\/herrdroege.de\/?page_id=27","title":{"rendered":"Lehrer"},"content":{"rendered":"<p>Liebe Kolleginnen und Kollegen des MGH, nachfolgend eine Zusammenstellung f\u00fcr euch. Bei Fragen o.\u00e4. meldet euch gerne:<\/p>\n<p>&nbsp;<\/p>\n<ul>\n<li><strong>\u00dcbersicht<\/strong>: <strong><span style=\"color: #333399;\">Das virtuelle Klassenzimmer mit <span style=\"color: #ff9900;\">Zoom<\/span><\/span><\/strong><span style=\"font-size: 1rem;\">\u00a0&#8211; <a href=\"http:\/\/herrdroege.de\/wp-content\/uploads\/2020\/04\/\u00dcbersicht-Zoom.pdf\" target=\"_blank\" rel=\"noopener noreferrer\">Download<\/a> \u00a0 \/\/ <span style=\"color: #993366;\">Stand: 22.04.2020<\/span><\/span><\/li>\n<\/ul>\n<p>&nbsp;<\/p>\n<ul>\n<li><strong>\u00dcbersicht<\/strong>:\u00a0<span style=\"font-size: 1rem;\"><span style=\"color: #000080;\"><strong>N\u00fctzliche (digitale) Tools f\u00fcr Sch\u00fclerInnen und LehrerInnen<\/strong> &#8211; <em>v.a. in der gegenw\u00e4rtigen Situation<\/em><\/span> &#8211; <a href=\"http:\/\/herrdroege.de\/wp-content\/uploads\/2020\/03\/Corona-Digitale-Tools.pdf\" target=\"_blank\" rel=\"noopener noreferrer\">Download<\/a> \u00a0 \/\/ <span style=\"color: #993366;\">Stand: 20.03.2020 <span style=\"color: #999999;\">\/\/ Shortlink: https:\/\/tinyurl.com\/mghtool3<\/span><\/span><\/span><\/li>\n<\/ul>\n<p>&nbsp;<\/p>\n<ul>\n<li><strong>\u00dcbersicht: <span style=\"color: #333399;\">Internetangebote f\u00fcr die unterrichtsfreie Zeit (f\u00fcr SuS und LuL) inkl. entsprechender Zug\u00e4nge sowie Anleitungen<\/span><\/strong> &#8211; <a href=\"http:\/\/herrdroege.de\/wp-content\/uploads\/2020\/03\/Corona-Digitale-Tools-SuS.pdf\" target=\"_blank\" rel=\"noopener noreferrer\">Download<\/a> \/\/ <span style=\"color: #993366;\">Stand: 19.03.2020 <span style=\"font-size: 1rem;\"><span style=\"color: #999999;\">\/\/ Shortlink: https:\/\/tinyurl.com\/digimgh<\/span><\/span><\/span><\/li>\n<\/ul>\n<hr \/>\n<p><span style=\"color: #999999;\">M\u00e4rkisches Gymnasium Hamm (2020)<\/span><\/p>\n","protected":false},"excerpt":{"rendered":"<p>Liebe Kolleginnen und Kollegen des MGH, nachfolgend eine Zusammenstellung f\u00fcr euch. Bei Fragen o.\u00e4. meldet euch gerne: &nbsp; \u00dcbersicht: Das virtuelle Klassenzimmer mit Zoom\u00a0&#8211; Download \u00a0 \/\/ Stand: 22.04.2020 &nbsp; \u00dcbersicht:\u00a0N\u00fctzliche (digitale) Tools f\u00fcr Sch\u00fclerInnen und LehrerInnen &#8211; v.a. in der gegenw\u00e4rtigen Situation &#8211; Download \u00a0 \/\/ Stand: 20.03.2020 \/\/ Shortlink: https:\/\/tinyurl.com\/mghtool3 &nbsp; \u00dcbersicht: Internetangebote &hellip; <\/p>\n<p class=\"link-more\"><a href=\"http:\/\/herrdroege.de\/?page_id=27\" class=\"more-link\"><span class=\"screen-reader-text\">\u201eLehrer\u201c<\/span> weiterlesen<\/a><\/p>\n","protected":false},"author":1,"featured_media":0,"parent":0,"menu_order":5,"comment_status":"closed","ping_status":"closed","template":"","meta":{"jetpack_post_was_ever_published":false,"footnotes":""},"class_list":["post-27","page","type-page","status-publish","hentry"],"jetpack_sharing_enabled":true,"jetpack_shortlink":"https:\/\/wp.me\/PahyqS-r","_links":{"self":[{"href":"http:\/\/herrdroege.de\/index.php?rest_route=\/wp\/v2\/pages\/27","targetHints":{"allow":["GET"]}}],"collection":[{"href":"http:\/\/herrdroege.de\/index.php?rest_route=\/wp\/v2\/pages"}],"about":[{"href":"http:\/\/herrdroege.de\/index.php?rest_route=\/wp\/v2\/types\/page"}],"author":[{"embeddable":true,"href":"http:\/\/herrdroege.de\/index.php?rest_route=\/wp\/v2\/users\/1"}],"replies":[{"embeddable":true,"href":"http:\/\/herrdroege.de\/index.php?rest_route=%2Fwp%2Fv2%2Fcomments&post=27"}],"version-history":[{"count":21,"href":"http:\/\/herrdroege.de\/index.php?rest_route=\/wp\/v2\/pages\/27\/revisions"}],"predecessor-version":[{"id":660,"href":"http:\/\/herrdroege.de\/index.php?rest_route=\/wp\/v2\/pages\/27\/revisions\/660"}],"wp:attachment":[{"href":"http:\/\/herrdroege.de\/index.php?rest_route=%2Fwp%2Fv2%2Fmedia&parent=27"}],"curies":[{"name":"wp","href":"https:\/\/api.w.org\/{rel}","templated":true}]}}